{"id":982,"date":"2026-03-13T13:54:00","date_gmt":"2026-03-13T13:54:00","guid":{"rendered":"https:\/\/thoa.thehouseofartists.es\/politica-de-cookies-ue\/"},"modified":"2026-03-23T12:23:09","modified_gmt":"2026-03-23T12:23:09","slug":"politica-de-cookies-ue","status":"publish","type":"page","link":"https:\/\/thehouseofartists.es\/en\/politica-de-cookies-ue\/","title":{"rendered":"Pol\u00edtica de cookies (UE)"},"content":{"rendered":"\t\t<div data-elementor-type=\"wp-page\" data-elementor-id=\"982\" class=\"elementor elementor-982\" data-elementor-post-type=\"page\">\n\t\t\t\t<div class=\"elementor-element elementor-element-6b37a91 e-flex e-con-boxed e-con e-parent\" data-id=\"6b37a91\" data-element_type=\"container\" data-settings=\"{&quot;background_background&quot;:&quot;slideshow&quot;,&quot;background_slideshow_gallery&quot;:[{&quot;id&quot;:166,&quot;url&quot;:&quot;https:\\\/\\\/thoa.thehouseofartists.es\\\/wp-content\\\/uploads\\\/2025\\\/06\\\/Copia-de-_DSC9030-scaled.jpg&quot;},{&quot;id&quot;:167,&quot;url&quot;:&quot;https:\\\/\\\/thoa.thehouseofartists.es\\\/wp-content\\\/uploads\\\/2025\\\/06\\\/Copia-de-_N9A6071.jpg&quot;},{&quot;id&quot;:169,&quot;url&quot;:&quot;https:\\\/\\\/thoa.thehouseofartists.es\\\/wp-content\\\/uploads\\\/2025\\\/06\\\/Copia-de-_DSC9067-scaled-1.jpg&quot;},{&quot;id&quot;:170,&quot;url&quot;:&quot;https:\\\/\\\/thoa.thehouseofartists.es\\\/wp-content\\\/uploads\\\/2025\\\/06\\\/Copia-de-_A4A4154-scaled.jpg&quot;}],&quot;background_slideshow_ken_burns&quot;:&quot;yes&quot;,&quot;background_slideshow_loop&quot;:&quot;yes&quot;,&quot;background_slideshow_slide_duration&quot;:5000,&quot;background_slideshow_slide_transition&quot;:&quot;fade&quot;,&quot;background_slideshow_transition_duration&quot;:500,&quot;background_slideshow_ken_burns_zoom_direction&quot;:&quot;in&quot;}\">\n\t\t\t\t\t<div class=\"e-con-inner\">\n\t\t<div class=\"elementor-element elementor-element-1373c86 e-con-full e-flex e-con e-child\" data-id=\"1373c86\" data-element_type=\"container\">\n\t\t<div class=\"elementor-element elementor-element-35bc8c1 e-con-full e-flex e-con e-child\" data-id=\"35bc8c1\" data-element_type=\"container\">\n\t\t\t\t<div class=\"elementor-element elementor-element-a1493af elementor-widget elementor-widget-elementskit-heading\" data-id=\"a1493af\" data-element_type=\"widget\" data-widget_type=\"elementskit-heading.default\">\n\t\t\t\t<div class=\"elementor-widget-container\">\n\t\t\t\t\t<div class=\"ekit-wid-con\" ><div class=\"ekit-heading elementskit-section-title-wraper text_left   ekit_heading_tablet-   ekit_heading_mobile-\"><h1 class=\"ekit-heading--title elementskit-section-title \">Pol\u00edtica de Cookies<\/h1><\/div><\/div>\t\t\t\t<\/div>\n\t\t\t\t<\/div>\n\t\t\t\t<\/div>\n\t\t\t\t<\/div>\n\t\t\t\t\t<\/div>\n\t\t\t\t<\/div>\n\t\t<div class=\"elementor-element elementor-element-4cf1595d e-flex e-con-boxed e-con e-parent\" data-id=\"4cf1595d\" data-element_type=\"container\">\n\t\t\t\t\t<div class=\"e-con-inner\">\n\t\t\t\t<div class=\"elementor-element elementor-element-6198870 elementor-widget elementor-widget-text-editor\" data-id=\"6198870\" data-element_type=\"widget\" data-widget_type=\"text-editor.default\">\n\t\t\t\t<div class=\"elementor-widget-container\">\n\t\t\t\t\t\t\t\t\tEsta web utiliza cookies para que podamos ofrecerte la mejor experiencia de usuario posible. La informaci\u00f3n de las cookies se almacena en tu navegador y realiza funciones tales como reconocerte cuando vuelves a nuestra web o ayudar a nuestro equipo a comprender qu\u00e9 secciones de la web encuentras m\u00e1s interesantes y \u00fatiles.\t\t\t\t\t\t\t\t<\/div>\n\t\t\t\t<\/div>\n\t\t\t\t\t<\/div>\n\t\t\t\t<\/div>\n\t\t<div class=\"elementor-element elementor-element-d4c63f5 e-con-full e-flex e-con e-parent\" data-id=\"d4c63f5\" data-element_type=\"container\" data-settings=\"{&quot;background_background&quot;:&quot;classic&quot;}\">\n\t\t<div class=\"elementor-element elementor-element-1c51a8e e-flex e-con-boxed e-con e-child\" data-id=\"1c51a8e\" data-element_type=\"container\" data-settings=\"{&quot;background_background&quot;:&quot;classic&quot;}\">\n\t\t\t\t\t<div class=\"e-con-inner\">\n\t\t<div class=\"elementor-element elementor-element-77c20c2 e-con-full e-flex e-con e-child\" data-id=\"77c20c2\" data-element_type=\"container\">\n\t\t<div class=\"elementor-element elementor-element-6d1fdbd e-con-full e-flex e-con e-child\" data-id=\"6d1fdbd\" data-element_type=\"container\">\n\t\t\t\t<div class=\"elementor-element elementor-element-9ca5b56 elementor-widget elementor-widget-image\" data-id=\"9ca5b56\" data-element_type=\"widget\" data-widget_type=\"image.default\">\n\t\t\t\t<div class=\"elementor-widget-container\">\n\t\t\t\t\t\t\t\t\t\t\t\t\t\t\t\t<a href=\"#\">\n\t\t\t\t\t\t\t<img decoding=\"async\" src=\"https:\/\/thoa.thehouseofartists.es\/wp-content\/uploads\/2025\/06\/Isotipo-House-of-Artists-w.webp\" title=\"\" alt=\"Logotipo The House of Artist\" loading=\"lazy\" \/>\t\t\t\t\t\t\t\t<\/a>\n\t\t\t\t\t\t\t\t\t\t\t\t\t\t\t<\/div>\n\t\t\t\t<\/div>\n\t\t\t\t<div class=\"elementor-element elementor-element-ac0a06f elementor-widget elementor-widget-text-editor\" data-id=\"ac0a06f\" data-element_type=\"widget\" data-widget_type=\"text-editor.default\">\n\t\t\t\t<div class=\"elementor-widget-container\">\n\t\t\t\t\t\t\t\t\t<p>Residencia estudiantes en Madrid<\/p>\t\t\t\t\t\t\t\t<\/div>\n\t\t\t\t<\/div>\n\t\t\t\t<div class=\"elementor-element elementor-element-79aed25 e-grid-align-left elementor-shape-rounded elementor-grid-0 elementor-widget elementor-widget-social-icons\" data-id=\"79aed25\" data-element_type=\"widget\" data-widget_type=\"social-icons.default\">\n\t\t\t\t<div class=\"elementor-widget-container\">\n\t\t\t\t\t\t\t<div class=\"elementor-social-icons-wrapper elementor-grid\" role=\"list\">\n\t\t\t\t\t\t\t<span class=\"elementor-grid-item\" role=\"listitem\">\n\t\t\t\t\t<a class=\"elementor-icon elementor-social-icon elementor-social-icon-instagram elementor-repeater-item-e19f0c7\" href=\"https:\/\/www.instagram.com\/thehouseofcreativity.es\" target=\"_blank\">\n\t\t\t\t\t\t<span class=\"elementor-screen-only\">Instagram<\/span>\n\t\t\t\t\t\t<svg class=\"e-font-icon-svg e-fab-instagram\" viewBox=\"0 0 448 512\" xmlns=\"http:\/\/www.w3.org\/2000\/svg\"><path d=\"M224.1 141c-63.6 0-114.9 51.3-114.9 114.9s51.3 114.9 114.9 114.9S339 319.5 339 255.9 287.7 141 224.1 141zm0 189.6c-41.1 0-74.7-33.5-74.7-74.7s33.5-74.7 74.7-74.7 74.7 33.5 74.7 74.7-33.6 74.7-74.7 74.7zm146.4-194.3c0 14.9-12 26.8-26.8 26.8-14.9 0-26.8-12-26.8-26.8s12-26.8 26.8-26.8 26.8 12 26.8 26.8zm76.1 27.2c-1.7-35.9-9.9-67.7-36.2-93.9-26.2-26.2-58-34.4-93.9-36.2-37-2.1-147.9-2.1-184.9 0-35.8 1.7-67.6 9.9-93.9 36.1s-34.4 58-36.2 93.9c-2.1 37-2.1 147.9 0 184.9 1.7 35.9 9.9 67.7 36.2 93.9s58 34.4 93.9 36.2c37 2.1 147.9 2.1 184.9 0 35.9-1.7 67.7-9.9 93.9-36.2 26.2-26.2 34.4-58 36.2-93.9 2.1-37 2.1-147.8 0-184.8zM398.8 388c-7.8 19.6-22.9 34.7-42.6 42.6-29.5 11.7-99.5 9-132.1 9s-102.7 2.6-132.1-9c-19.6-7.8-34.7-22.9-42.6-42.6-11.7-29.5-9-99.5-9-132.1s-2.6-102.7 9-132.1c7.8-19.6 22.9-34.7 42.6-42.6 29.5-11.7 99.5-9 132.1-9s102.7-2.6 132.1 9c19.6 7.8 34.7 22.9 42.6 42.6 11.7 29.5 9 99.5 9 132.1s2.7 102.7-9 132.1z\"><\/path><\/svg>\t\t\t\t\t<\/a>\n\t\t\t\t<\/span>\n\t\t\t\t\t\t\t<span class=\"elementor-grid-item\" role=\"listitem\">\n\t\t\t\t\t<a class=\"elementor-icon elementor-social-icon elementor-social-icon-tiktok elementor-repeater-item-c8beb12\" href=\"https:\/\/www.tiktok.com\/@thehouseofcreativ\" target=\"_blank\">\n\t\t\t\t\t\t<span class=\"elementor-screen-only\">Tiktok<\/span>\n\t\t\t\t\t\t<svg class=\"e-font-icon-svg e-fab-tiktok\" viewBox=\"0 0 448 512\" xmlns=\"http:\/\/www.w3.org\/2000\/svg\"><path d=\"M448,209.91a210.06,210.06,0,0,1-122.77-39.25V349.38A162.55,162.55,0,1,1,185,188.31V278.2a74.62,74.62,0,1,0,52.23,71.18V0l88,0a121.18,121.18,0,0,0,1.86,22.17h0A122.18,122.18,0,0,0,381,102.39a121.43,121.43,0,0,0,67,20.14Z\"><\/path><\/svg>\t\t\t\t\t<\/a>\n\t\t\t\t<\/span>\n\t\t\t\t\t<\/div>\n\t\t\t\t\t\t<\/div>\n\t\t\t\t<\/div>\n\t\t\t\t<\/div>\n\t\t<div class=\"elementor-element elementor-element-7ee4a0a e-con-full e-flex e-con e-child\" data-id=\"7ee4a0a\" data-element_type=\"container\">\n\t\t\t\t<div class=\"elementor-element elementor-element-7df9c51 elementor-widget elementor-widget-heading\" data-id=\"7df9c51\" data-element_type=\"widget\" data-widget_type=\"heading.default\">\n\t\t\t\t<div class=\"elementor-widget-container\">\n\t\t\t\t\t<h4 class=\"elementor-heading-title elementor-size-default\">Informaci\u00f3n de Contacto<\/h4>\t\t\t\t<\/div>\n\t\t\t\t<\/div>\n\t\t<div class=\"elementor-element elementor-element-4e04ffa e-con-full e-flex e-con e-child\" data-id=\"4e04ffa\" data-element_type=\"container\">\n\t\t\t\t<div class=\"elementor-element elementor-element-2164016 elementor-position-left elementor-mobile-position-left elementor-vertical-align-middle elementor-vertical-align-middle elementor-view-stacked elementor-shape-square elementor-widget elementor-widget-icon-box\" data-id=\"2164016\" data-element_type=\"widget\" data-widget_type=\"icon-box.default\">\n\t\t\t\t<div class=\"elementor-widget-container\">\n\t\t\t\t\t\t\t<div class=\"elementor-icon-box-wrapper\">\n\n\t\t\t\t\t\t<div class=\"elementor-icon-box-icon\">\n\t\t\t\t<a href=\"tel:+34611959286\" class=\"elementor-icon\" tabindex=\"-1\" aria-label=\"Tel\u00e9fono\">\n\t\t\t\t<i aria-hidden=\"true\" class=\"icon icon-phone-handset\"><\/i>\t\t\t\t<\/a>\n\t\t\t<\/div>\n\t\t\t\n\t\t\t\t\t\t<div class=\"elementor-icon-box-content\">\n\n\t\t\t\t\t\t\t\t\t<h6 class=\"elementor-icon-box-title\">\n\t\t\t\t\t\t<a href=\"tel:+34611959286\" >\n\t\t\t\t\t\t\tTel\u00e9fono\t\t\t\t\t\t<\/a>\n\t\t\t\t\t<\/h6>\n\t\t\t\t\n\t\t\t\t\t\t\t\t\t<p class=\"elementor-icon-box-description\">\n\t\t\t\t\t\t<span style=\"font-size: 17.6px;\">+34 611 959 286<\/span>\t\t\t\t\t<\/p>\n\t\t\t\t\n\t\t\t<\/div>\n\t\t\t\n\t\t<\/div>\n\t\t\t\t\t\t<\/div>\n\t\t\t\t<\/div>\n\t\t\t\t<\/div>\n\t\t<div class=\"elementor-element elementor-element-026a4a2 e-con-full e-flex e-con e-child\" data-id=\"026a4a2\" data-element_type=\"container\">\n\t\t\t\t<div class=\"elementor-element elementor-element-fde853c elementor-position-left elementor-mobile-position-left elementor-vertical-align-middle elementor-vertical-align-middle elementor-view-stacked elementor-shape-square elementor-widget elementor-widget-icon-box\" data-id=\"fde853c\" data-element_type=\"widget\" data-widget_type=\"icon-box.default\">\n\t\t\t\t<div class=\"elementor-widget-container\">\n\t\t\t\t\t\t\t<div class=\"elementor-icon-box-wrapper\">\n\n\t\t\t\t\t\t<div class=\"elementor-icon-box-icon\">\n\t\t\t\t<a href=\"mailto:reservas@thehouseofartists.es\" class=\"elementor-icon\" tabindex=\"-1\" aria-label=\"Email \">\n\t\t\t\t<i aria-hidden=\"true\" class=\"icon icon-email\"><\/i>\t\t\t\t<\/a>\n\t\t\t<\/div>\n\t\t\t\n\t\t\t\t\t\t<div class=\"elementor-icon-box-content\">\n\n\t\t\t\t\t\t\t\t\t<h6 class=\"elementor-icon-box-title\">\n\t\t\t\t\t\t<a href=\"mailto:reservas@thehouseofartists.es\" >\n\t\t\t\t\t\t\tEmail \t\t\t\t\t\t<\/a>\n\t\t\t\t\t<\/h6>\n\t\t\t\t\n\t\t\t\t\t\t\t\t\t<p class=\"elementor-icon-box-description\">\n\t\t\t\t\t\treservas@thehouseofartists.es\t\t\t\t\t<\/p>\n\t\t\t\t\n\t\t\t<\/div>\n\t\t\t\n\t\t<\/div>\n\t\t\t\t\t\t<\/div>\n\t\t\t\t<\/div>\n\t\t\t\t<\/div>\n\t\t<div class=\"elementor-element elementor-element-265a4a5 e-con-full e-flex e-con e-child\" data-id=\"265a4a5\" data-element_type=\"container\">\n\t\t\t\t<div class=\"elementor-element elementor-element-a30e29b elementor-position-left elementor-mobile-position-left elementor-vertical-align-middle elementor-vertical-align-middle elementor-view-default elementor-widget elementor-widget-icon-box\" data-id=\"a30e29b\" data-element_type=\"widget\" data-widget_type=\"icon-box.default\">\n\t\t\t\t<div class=\"elementor-widget-container\">\n\t\t\t\t\t\t\t<div class=\"elementor-icon-box-wrapper\">\n\n\t\t\t\t\t\t<div class=\"elementor-icon-box-icon\">\n\t\t\t\t<span  class=\"elementor-icon\">\n\t\t\t\t<i aria-hidden=\"true\" class=\"icon icon-location\"><\/i>\t\t\t\t<\/span>\n\t\t\t<\/div>\n\t\t\t\n\t\t\t\t\t\t<div class=\"elementor-icon-box-content\">\n\n\t\t\t\t\t\t\t\t\t<h6 class=\"elementor-icon-box-title\">\n\t\t\t\t\t\t<span  >\n\t\t\t\t\t\t\tDirecci\u00f3n\t\t\t\t\t\t<\/span>\n\t\t\t\t\t<\/h6>\n\t\t\t\t\n\t\t\t\t\t\t\t\t\t<p class=\"elementor-icon-box-description\">\n\t\t\t\t\t\tC\/ Don Ram\u00f3n de la Cruz, 67. <br>28001 Madrid \t\t\t\t\t<\/p>\n\t\t\t\t\n\t\t\t<\/div>\n\t\t\t\n\t\t<\/div>\n\t\t\t\t\t\t<\/div>\n\t\t\t\t<\/div>\n\t\t\t\t<\/div>\n\t\t\t\t<\/div>\n\t\t\t\t<\/div>\n\t\t<div class=\"elementor-element elementor-element-51717c6 e-con-full e-flex e-con e-child\" data-id=\"51717c6\" data-element_type=\"container\">\n\t\t\t\t<div class=\"elementor-element elementor-element-cb6dd3b elementor-widget elementor-widget-heading\" data-id=\"cb6dd3b\" data-element_type=\"widget\" data-widget_type=\"heading.default\">\n\t\t\t\t<div class=\"elementor-widget-container\">\n\t\t\t\t\t<div class=\"elementor-heading-title elementor-size-default\">Copyright \u00a9 2026 The House of Artists. Todos los derechos reservados <\/div>\t\t\t\t<\/div>\n\t\t\t\t<\/div>\n\t\t\t\t<div class=\"elementor-element elementor-element-6768f75 elementor-icon-list--layout-inline elementor-mobile-align-center elementor-list-item-link-full_width elementor-widget elementor-widget-icon-list\" data-id=\"6768f75\" data-element_type=\"widget\" data-widget_type=\"icon-list.default\">\n\t\t\t\t<div class=\"elementor-widget-container\">\n\t\t\t\t\t\t\t<ul class=\"elementor-icon-list-items elementor-inline-items\">\n\t\t\t\t\t\t\t<li class=\"elementor-icon-list-item elementor-inline-item\">\n\t\t\t\t\t\t\t\t\t\t\t<a href=\"\/aviso-legal\/\">\n\n\t\t\t\t\t\t\t\t\t\t\t<span class=\"elementor-icon-list-text\">Aviso Legal<\/span>\n\t\t\t\t\t\t\t\t\t\t\t<\/a>\n\t\t\t\t\t\t\t\t\t<\/li>\n\t\t\t\t\t\t\t\t<li class=\"elementor-icon-list-item elementor-inline-item\">\n\t\t\t\t\t\t\t\t\t\t\t<a href=\"\/politica-de-privacidad\/\">\n\n\t\t\t\t\t\t\t\t\t\t\t<span class=\"elementor-icon-list-text\">Pol\u00edtica de Privacidad<\/span>\n\t\t\t\t\t\t\t\t\t\t\t<\/a>\n\t\t\t\t\t\t\t\t\t<\/li>\n\t\t\t\t\t\t\t\t<li class=\"elementor-icon-list-item elementor-inline-item\">\n\t\t\t\t\t\t\t\t\t\t\t<a href=\"\/politica-de-cookies-ue\/\">\n\n\t\t\t\t\t\t\t\t\t\t\t<span class=\"elementor-icon-list-text\"> Pol\u00edtica de Cookies<\/span>\n\t\t\t\t\t\t\t\t\t\t\t<\/a>\n\t\t\t\t\t\t\t\t\t<\/li>\n\t\t\t\t\t\t<\/ul>\n\t\t\t\t\t\t<\/div>\n\t\t\t\t<\/div>\n\t\t\t\t<\/div>\n\t\t\t\t\t<\/div>\n\t\t\t\t<\/div>\n\t\t\t\t<\/div>\n\t\t\t\t<\/div>\n\t\t","protected":false},"excerpt":{"rendered":"<p>Pol\u00edtica de Cookies Esta web utiliza cookies para que podamos ofrecerte la mejor experiencia de usuario posible. La informaci\u00f3n de las cookies se almacena en tu navegador y realiza funciones tales como reconocerte cuando vuelves a nuestra web o ayudar a nuestro equipo a comprender qu\u00e9 secciones de la web encuentras m\u00e1s interesantes y \u00fatiles. [&hellip;]<\/p>\n","protected":false},"author":2,"featured_media":0,"parent":0,"menu_order":0,"comment_status":"closed","ping_status":"closed","template":"","meta":{"footnotes":""},"class_list":["post-982","page","type-page","status-publish","hentry"],"yoast_head":"<!-- This site is optimized with the Yoast SEO plugin v25.3.1 - https:\/\/yoast.com\/wordpress\/plugins\/seo\/ -->\n<title>Pol\u00edtica de cookies (UE) - The House of Artists<\/title>\n<meta name=\"robots\" content=\"index, follow, max-snippet:-1, max-image-preview:large, max-video-preview:-1\" \/>\n<link rel=\"canonical\" href=\"https:\/\/thehouseofartists.es\/en\/politica-de-cookies-ue\/\" \/>\n<meta property=\"og:locale\" content=\"en_US\" \/>\n<meta property=\"og:type\" content=\"article\" \/>\n<meta property=\"og:title\" content=\"Pol\u00edtica de cookies (UE) - The House of Artists\" \/>\n<meta property=\"og:description\" content=\"Pol\u00edtica de Cookies Esta web utiliza cookies para que podamos ofrecerte la mejor experiencia de usuario posible. La informaci\u00f3n de las cookies se almacena en tu navegador y realiza funciones tales como reconocerte cuando vuelves a nuestra web o ayudar a nuestro equipo a comprender qu\u00e9 secciones de la web encuentras m\u00e1s interesantes y \u00fatiles. [&hellip;]\" \/>\n<meta property=\"og:url\" content=\"https:\/\/thehouseofartists.es\/en\/politica-de-cookies-ue\/\" \/>\n<meta property=\"og:site_name\" content=\"The House of Artists\" \/>\n<meta property=\"article:modified_time\" content=\"2026-03-23T12:23:09+00:00\" \/>\n<meta property=\"og:image\" content=\"https:\/\/thoa.thehouseofartists.es\/wp-content\/uploads\/2025\/06\/Isotipo-House-of-Artists-w.webp\" \/>\n<meta name=\"twitter:card\" content=\"summary_large_image\" \/>\n<meta name=\"twitter:label1\" content=\"Est. reading time\" \/>\n\t<meta name=\"twitter:data1\" content=\"1 minute\" \/>\n<script type=\"application\/ld+json\" class=\"yoast-schema-graph\">{\"@context\":\"https:\/\/schema.org\",\"@graph\":[{\"@type\":\"WebPage\",\"@id\":\"https:\/\/thehouseofartists.es\/politica-de-cookies-ue\/\",\"url\":\"https:\/\/thehouseofartists.es\/politica-de-cookies-ue\/\",\"name\":\"Pol\u00edtica de cookies (UE) - The House of Artists\",\"isPartOf\":{\"@id\":\"https:\/\/thehouseofartists.es\/#website\"},\"primaryImageOfPage\":{\"@id\":\"https:\/\/thehouseofartists.es\/politica-de-cookies-ue\/#primaryimage\"},\"image\":{\"@id\":\"https:\/\/thehouseofartists.es\/politica-de-cookies-ue\/#primaryimage\"},\"thumbnailUrl\":\"https:\/\/thoa.thehouseofartists.es\/wp-content\/uploads\/2025\/06\/Isotipo-House-of-Artists-w.webp\",\"datePublished\":\"2026-03-13T13:54:00+00:00\",\"dateModified\":\"2026-03-23T12:23:09+00:00\",\"breadcrumb\":{\"@id\":\"https:\/\/thehouseofartists.es\/politica-de-cookies-ue\/#breadcrumb\"},\"inLanguage\":\"en-US\",\"potentialAction\":[{\"@type\":\"ReadAction\",\"target\":[\"https:\/\/thehouseofartists.es\/politica-de-cookies-ue\/\"]}]},{\"@type\":\"ImageObject\",\"inLanguage\":\"en-US\",\"@id\":\"https:\/\/thehouseofartists.es\/politica-de-cookies-ue\/#primaryimage\",\"url\":\"https:\/\/thoa.thehouseofartists.es\/wp-content\/uploads\/2025\/06\/Isotipo-House-of-Artists-w.webp\",\"contentUrl\":\"https:\/\/thoa.thehouseofartists.es\/wp-content\/uploads\/2025\/06\/Isotipo-House-of-Artists-w.webp\"},{\"@type\":\"BreadcrumbList\",\"@id\":\"https:\/\/thehouseofartists.es\/politica-de-cookies-ue\/#breadcrumb\",\"itemListElement\":[{\"@type\":\"ListItem\",\"position\":1,\"name\":\"Portada\",\"item\":\"https:\/\/thehouseofartists.es\/\"},{\"@type\":\"ListItem\",\"position\":2,\"name\":\"Pol\u00edtica de cookies (UE)\"}]},{\"@type\":\"WebSite\",\"@id\":\"https:\/\/thehouseofartists.es\/#website\",\"url\":\"https:\/\/thehouseofartists.es\/\",\"name\":\"The House of Artists\",\"description\":\"Student Residence in Madrid\",\"potentialAction\":[{\"@type\":\"SearchAction\",\"target\":{\"@type\":\"EntryPoint\",\"urlTemplate\":\"https:\/\/thehouseofartists.es\/?s={search_term_string}\"},\"query-input\":{\"@type\":\"PropertyValueSpecification\",\"valueRequired\":true,\"valueName\":\"search_term_string\"}}],\"inLanguage\":\"en-US\"}]}<\/script>\n<!-- \/ Yoast SEO plugin. -->","yoast_head_json":{"title":"Pol\u00edtica de cookies (UE) - The House of Artists","robots":{"index":"index","follow":"follow","max-snippet":"max-snippet:-1","max-image-preview":"max-image-preview:large","max-video-preview":"max-video-preview:-1"},"canonical":"https:\/\/thehouseofartists.es\/en\/politica-de-cookies-ue\/","og_locale":"en_US","og_type":"article","og_title":"Pol\u00edtica de cookies (UE) - The House of Artists","og_description":"Pol\u00edtica de Cookies Esta web utiliza cookies para que podamos ofrecerte la mejor experiencia de usuario posible. La informaci\u00f3n de las cookies se almacena en tu navegador y realiza funciones tales como reconocerte cuando vuelves a nuestra web o ayudar a nuestro equipo a comprender qu\u00e9 secciones de la web encuentras m\u00e1s interesantes y \u00fatiles. [&hellip;]","og_url":"https:\/\/thehouseofartists.es\/en\/politica-de-cookies-ue\/","og_site_name":"The House of Artists","article_modified_time":"2026-03-23T12:23:09+00:00","og_image":[{"url":"https:\/\/thoa.thehouseofartists.es\/wp-content\/uploads\/2025\/06\/Isotipo-House-of-Artists-w.webp","type":"","width":"","height":""}],"twitter_card":"summary_large_image","twitter_misc":{"Est. reading time":"1 minute"},"schema":{"@context":"https:\/\/schema.org","@graph":[{"@type":"WebPage","@id":"https:\/\/thehouseofartists.es\/politica-de-cookies-ue\/","url":"https:\/\/thehouseofartists.es\/politica-de-cookies-ue\/","name":"Pol\u00edtica de cookies (UE) - The House of Artists","isPartOf":{"@id":"https:\/\/thehouseofartists.es\/#website"},"primaryImageOfPage":{"@id":"https:\/\/thehouseofartists.es\/politica-de-cookies-ue\/#primaryimage"},"image":{"@id":"https:\/\/thehouseofartists.es\/politica-de-cookies-ue\/#primaryimage"},"thumbnailUrl":"https:\/\/thoa.thehouseofartists.es\/wp-content\/uploads\/2025\/06\/Isotipo-House-of-Artists-w.webp","datePublished":"2026-03-13T13:54:00+00:00","dateModified":"2026-03-23T12:23:09+00:00","breadcrumb":{"@id":"https:\/\/thehouseofartists.es\/politica-de-cookies-ue\/#breadcrumb"},"inLanguage":"en-US","potentialAction":[{"@type":"ReadAction","target":["https:\/\/thehouseofartists.es\/politica-de-cookies-ue\/"]}]},{"@type":"ImageObject","inLanguage":"en-US","@id":"https:\/\/thehouseofartists.es\/politica-de-cookies-ue\/#primaryimage","url":"https:\/\/thoa.thehouseofartists.es\/wp-content\/uploads\/2025\/06\/Isotipo-House-of-Artists-w.webp","contentUrl":"https:\/\/thoa.thehouseofartists.es\/wp-content\/uploads\/2025\/06\/Isotipo-House-of-Artists-w.webp"},{"@type":"BreadcrumbList","@id":"https:\/\/thehouseofartists.es\/politica-de-cookies-ue\/#breadcrumb","itemListElement":[{"@type":"ListItem","position":1,"name":"Portada","item":"https:\/\/thehouseofartists.es\/"},{"@type":"ListItem","position":2,"name":"Pol\u00edtica de cookies (UE)"}]},{"@type":"WebSite","@id":"https:\/\/thehouseofartists.es\/#website","url":"https:\/\/thehouseofartists.es\/","name":"The House of Artists","description":"Student Residence in Madrid","potentialAction":[{"@type":"SearchAction","target":{"@type":"EntryPoint","urlTemplate":"https:\/\/thehouseofartists.es\/?s={search_term_string}"},"query-input":{"@type":"PropertyValueSpecification","valueRequired":true,"valueName":"search_term_string"}}],"inLanguage":"en-US"}]}},"_links":{"self":[{"href":"https:\/\/thehouseofartists.es\/en\/wp-json\/wp\/v2\/pages\/982","targetHints":{"allow":["GET"]}}],"collection":[{"href":"https:\/\/thehouseofartists.es\/en\/wp-json\/wp\/v2\/pages"}],"about":[{"href":"https:\/\/thehouseofartists.es\/en\/wp-json\/wp\/v2\/types\/page"}],"author":[{"embeddable":true,"href":"https:\/\/thehouseofartists.es\/en\/wp-json\/wp\/v2\/users\/2"}],"replies":[{"embeddable":true,"href":"https:\/\/thehouseofartists.es\/en\/wp-json\/wp\/v2\/comments?post=982"}],"version-history":[{"count":4,"href":"https:\/\/thehouseofartists.es\/en\/wp-json\/wp\/v2\/pages\/982\/revisions"}],"predecessor-version":[{"id":1000,"href":"https:\/\/thehouseofartists.es\/en\/wp-json\/wp\/v2\/pages\/982\/revisions\/1000"}],"wp:attachment":[{"href":"https:\/\/thehouseofartists.es\/en\/wp-json\/wp\/v2\/media?parent=982"}],"curies":[{"name":"wp","href":"https:\/\/api.w.org\/{rel}","templated":true}]}}